{"id":429,"date":"2020-10-24T15:02:26","date_gmt":"2020-10-24T18:02:26","guid":{"rendered":"http:\/\/mrcheffgastronomia.com.br\/?page_id=429"},"modified":"2022-04-07T15:26:54","modified_gmt":"2022-04-07T18:26:54","slug":"seja-franqueado","status":"publish","type":"page","link":"https:\/\/mrcheffgastronomia.com.br\/?page_id=429","title":{"rendered":"Seja Franqueado"},"content":{"rendered":"\t\t<div data-elementor-type=\"wp-page\" data-elementor-id=\"429\" class=\"elementor elementor-429\">\n\t\t\t\t\t\t<section class=\"elementor-section elementor-top-section elementor-element elementor-element-3113300d elementor-section-boxed elementor-section-height-default elementor-section-height-default\" data-id=\"3113300d\" data-element_type=\"section\">\n\t\t\t\t\t\t<div class=\"elementor-container elementor-column-gap-default\">\n\t\t\t\t\t<div class=\"elementor-column elementor-col-100 elementor-top-column elementor-element elementor-element-6e51b82\" data-id=\"6e51b82\" data-element_type=\"column\">\n\t\t\t<div class=\"elementor-widget-wrap elementor-element-populated\">\n\t\t\t\t\t\t<div class=\"elementor-element elementor-element-2cfd116 elementor-widget elementor-widget-heading\" data-id=\"2cfd116\" data-element_type=\"widget\" data-widget_type=\"heading.default\">\n\t\t\t\t<div class=\"elementor-widget-container\">\n\t\t\t<h4 class=\"elementor-heading-title elementor-size-default\">Seja Mr. Cheff Gastronomia<\/h4>\t\t<\/div>\n\t\t\t\t<\/div>\n\t\t\t\t<div class=\"elementor-element elementor-element-160de4a elementor-widget elementor-widget-heading\" data-id=\"160de4a\" data-element_type=\"widget\" data-widget_type=\"heading.default\">\n\t\t\t\t<div class=\"elementor-widget-container\">\n\t\t\t<h2 class=\"elementor-heading-title elementor-size-default\">INVISTA NA SUA INDEPEND\u00caNCIA<\/h2>\t\t<\/div>\n\t\t\t\t<\/div>\n\t\t\t\t<div class=\"elementor-element elementor-element-1864aaf elementor-widget elementor-widget-text-editor\" data-id=\"1864aaf\" data-element_type=\"widget\" data-widget_type=\"text-editor.default\">\n\t\t\t\t<div class=\"elementor-widget-container\">\n\t\t\t\t\t\t\t<p class=\"p1\">A hist\u00f3ria do fundador da Mr. Cheff Gastronomia inspira muitas outras pessoas a empreender e mudar de carreira e de estilo de vida. Para transformar esse sonho em realidade a empresa se estruturou e hoje possui uma equipe apta a habilitar e implementar unidades franqueadas, com base na viv\u00eancia de ex-franqueado de seu propriet\u00e1rio para permitir o alcance do sucesso desde o princ\u00edpio.<\/p><p class=\"p1\">Assim, quem quer fazer a diferen\u00e7a em pra\u00e7as de alimenta\u00e7\u00e3o de shopping centers pelo Brasil, oferecendo uma verdadeira experi\u00eancia gastron\u00f4mica, agora pode ser tamb\u00e9m Mr. Cheff Gastronomia, com um modelo de neg\u00f3cio testado e aprovado em diferentes cen\u00e1rios e que \u00e9 entregue pronto para inaugura\u00e7\u00e3o.<\/p>\t\t\t\t\t\t<\/div>\n\t\t\t\t<\/div>\n\t\t\t\t\t<\/div>\n\t\t<\/div>\n\t\t\t\t\t<\/div>\n\t\t<\/section>\n\t\t\t\t<section class=\"elementor-section elementor-top-section elementor-element elementor-element-5f66ab6 elementor-section-boxed elementor-section-height-default elementor-section-height-default\" data-id=\"5f66ab6\" data-element_type=\"section\">\n\t\t\t\t\t\t<div class=\"elementor-container elementor-column-gap-default\">\n\t\t\t\t\t<div class=\"elementor-column elementor-col-50 elementor-top-column elementor-element elementor-element-6370c6f\" data-id=\"6370c6f\" data-element_type=\"column\">\n\t\t\t<div class=\"elementor-widget-wrap elementor-element-populated\">\n\t\t\t\t\t\t<div class=\"elementor-element elementor-element-8aeea2a elementor-position-top elementor-widget elementor-widget-image-box\" data-id=\"8aeea2a\" data-element_type=\"widget\" data-widget_type=\"image-box.default\">\n\t\t\t\t<div class=\"elementor-widget-container\">\n\t\t\t<div class=\"elementor-image-box-wrapper\"><figure class=\"elementor-image-box-img\"><img decoding=\"async\" width=\"128\" height=\"128\" src=\"https:\/\/mrcheffgastronomia.com.br\/wp-content\/uploads\/2020\/10\/I\u0301cone-5.png\" class=\"attachment-full size-full wp-image-396\" alt=\"\" srcset=\"https:\/\/mrcheffgastronomia.com.br\/wp-content\/uploads\/2020\/10\/I\u0301cone-5.png 128w, https:\/\/mrcheffgastronomia.com.br\/wp-content\/uploads\/2020\/10\/I\u0301cone-5-100x100.png 100w\" sizes=\"(max-width: 128px) 100vw, 128px\" \/><\/figure><div class=\"elementor-image-box-content\"><h3 class=\"elementor-image-box-title\">Perfil do Franqueado<\/h3><p class=\"elementor-image-box-description\">Pessoas com vontade de alcan\u00e7ar sucesso profissional, pessoal e financeiro, com ou sem experi\u00eancia no setor, que estejam abertos ao aprendizado e ao trabalho direcionado \u00e0 satisfa\u00e7\u00e3o do cliente, com potencial de grande rentabilidade e crescimento.<\/p><\/div><\/div>\t\t<\/div>\n\t\t\t\t<\/div>\n\t\t\t\t\t<\/div>\n\t\t<\/div>\n\t\t\t\t<div class=\"elementor-column elementor-col-50 elementor-top-column elementor-element elementor-element-1920fce\" data-id=\"1920fce\" data-element_type=\"column\">\n\t\t\t<div class=\"elementor-widget-wrap elementor-element-populated\">\n\t\t\t\t\t\t<div class=\"elementor-element elementor-element-9638f30 elementor-position-top elementor-widget elementor-widget-image-box\" data-id=\"9638f30\" data-element_type=\"widget\" data-widget_type=\"image-box.default\">\n\t\t\t\t<div class=\"elementor-widget-container\">\n\t\t\t<div class=\"elementor-image-box-wrapper\"><figure class=\"elementor-image-box-img\"><img decoding=\"async\" width=\"128\" height=\"128\" src=\"https:\/\/mrcheffgastronomia.com.br\/wp-content\/uploads\/2020\/10\/I\u0301cone-6.png\" class=\"attachment-full size-full wp-image-397\" alt=\"\" srcset=\"https:\/\/mrcheffgastronomia.com.br\/wp-content\/uploads\/2020\/10\/I\u0301cone-6.png 128w, https:\/\/mrcheffgastronomia.com.br\/wp-content\/uploads\/2020\/10\/I\u0301cone-6-100x100.png 100w\" sizes=\"(max-width: 128px) 100vw, 128px\" \/><\/figure><div class=\"elementor-image-box-content\"><h3 class=\"elementor-image-box-title\">Investimento<\/h3><p class=\"elementor-image-box-description\">A partir de R$ 250.000,00 para loja totalmente pronta para opera\u00e7\u00e3o, com estimativa de faturamento m\u00e9dio mensal de R$ 110.000,00, lucro l\u00edquido de 10% a 15% e retorno m\u00e9dio de 18 meses<\/p><\/div><\/div>\t\t<\/div>\n\t\t\t\t<\/div>\n\t\t\t\t\t<\/div>\n\t\t<\/div>\n\t\t\t\t\t<\/div>\n\t\t<\/section>\n\t\t\t\t<section class=\"elementor-section elementor-top-section elementor-element elementor-element-e5efaee elementor-section-boxed elementor-section-height-default elementor-section-height-default\" data-id=\"e5efaee\" data-element_type=\"section\">\n\t\t\t\t\t\t<div class=\"elementor-container elementor-column-gap-default\">\n\t\t\t\t\t<div class=\"elementor-column elementor-col-100 elementor-top-column elementor-element elementor-element-e080254\" data-id=\"e080254\" data-element_type=\"column\">\n\t\t\t<div class=\"elementor-widget-wrap elementor-element-populated\">\n\t\t\t\t\t\t<div class=\"elementor-element elementor-element-7033051 elementor-widget-divider--view-line elementor-widget elementor-widget-divider\" data-id=\"7033051\" data-element_type=\"widget\" data-widget_type=\"divider.default\">\n\t\t\t\t<div class=\"elementor-widget-container\">\n\t\t\t\t\t<div class=\"elementor-divider\">\n\t\t\t<span class=\"elementor-divider-separator\">\n\t\t\t\t\t\t<\/span>\n\t\t<\/div>\n\t\t\t\t<\/div>\n\t\t\t\t<\/div>\n\t\t\t\t\t<\/div>\n\t\t<\/div>\n\t\t\t\t\t<\/div>\n\t\t<\/section>\n\t\t\t\t<section class=\"elementor-section elementor-top-section elementor-element elementor-element-6a15aeaf elementor-section-boxed elementor-section-height-default elementor-section-height-default\" data-id=\"6a15aeaf\" data-element_type=\"section\">\n\t\t\t\t\t\t<div class=\"elementor-container elementor-column-gap-default\">\n\t\t\t\t\t<div class=\"elementor-column elementor-col-50 elementor-top-column elementor-element elementor-element-39027ea2\" data-id=\"39027ea2\" data-element_type=\"column\">\n\t\t\t<div class=\"elementor-widget-wrap elementor-element-populated\">\n\t\t\t\t\t\t<div class=\"elementor-element elementor-element-20131b05 elementor-widget elementor-widget-heading\" data-id=\"20131b05\" data-element_type=\"widget\" data-widget_type=\"heading.default\">\n\t\t\t\t<div class=\"elementor-widget-container\">\n\t\t\t<h2 class=\"elementor-heading-title elementor-size-default\">Processo de Sele\u00e7\u00e3o<\/h2>\t\t<\/div>\n\t\t\t\t<\/div>\n\t\t\t\t<div class=\"elementor-element elementor-element-8c2c77e elementor-widget elementor-widget-text-editor\" data-id=\"8c2c77e\" data-element_type=\"widget\" data-widget_type=\"text-editor.default\">\n\t\t\t\t<div class=\"elementor-widget-container\">\n\t\t\t\t\t\t\t<ol><li class=\"p1\">Cadastro inicial atrav\u00e9s do preenchimento do <span class=\"s1\">formul\u00e1rio eletr\u00f4nico<\/span><\/li><li class=\"p1\">Contato da franqueadora para esclarecimentos e primeira an\u00e1lise de compatibilidade<\/li><li class=\"p1\">Preenchimento e envio de Ficha de Pr\u00e9-Qualifica\u00e7\u00e3o pelo candidato<\/li><li class=\"p1\">Visita do candidato \u00e0 sede para reuni\u00e3o presencial e discovery day<\/li><li class=\"p1\">Envio pela franqueadora da Circular de Oferta de Franquia<\/li><li class=\"p1\">Pagamento da taxa de franquia<\/li><li class=\"p1\">Assinatura do contrato<\/li><\/ol>\t\t\t\t\t\t<\/div>\n\t\t\t\t<\/div>\n\t\t\t\t\t<\/div>\n\t\t<\/div>\n\t\t\t\t<div class=\"elementor-column elementor-col-50 elementor-top-column elementor-element elementor-element-1b57186\" data-id=\"1b57186\" data-element_type=\"column\">\n\t\t\t<div class=\"elementor-widget-wrap elementor-element-populated\">\n\t\t\t\t\t\t<div class=\"elementor-element elementor-element-5a8f9cc5 elementor-widget elementor-widget-boosted-elements-contact-form\" data-id=\"5a8f9cc5\" data-element_type=\"widget\" data-widget_type=\"boosted-elements-contact-form.default\">\n\t\t\t\t<div class=\"elementor-widget-container\">\n\t\t\t\t\n\t\n\t\t\t<div class=\"boosted-elements-progression-contact-form-container\">\t\t\n\t\t\t\n<div class=\"wpcf7 no-js\" id=\"wpcf7-f428-o1\" lang=\"en-US\" dir=\"ltr\" data-wpcf7-id=\"428\">\n<div class=\"screen-reader-response\"><p role=\"status\" aria-live=\"polite\" aria-atomic=\"true\"><\/p> <ul><\/ul><\/div>\n<form action=\"\/index.php?rest_route=%2Fwp%2Fv2%2Fpages%2F429#wpcf7-f428-o1\" method=\"post\" class=\"wpcf7-form init\" aria-label=\"Contact form\" novalidate=\"novalidate\" data-status=\"init\">\n<div style=\"display: none;\">\n<input type=\"hidden\" name=\"_wpcf7\" value=\"428\" \/>\n<input type=\"hidden\" name=\"_wpcf7_version\" value=\"6.0\" \/>\n<input type=\"hidden\" name=\"_wpcf7_locale\" value=\"en_US\" \/>\n<input type=\"hidden\" name=\"_wpcf7_unit_tag\" value=\"wpcf7-f428-o1\" \/>\n<input type=\"hidden\" name=\"_wpcf7_container_post\" value=\"0\" \/>\n<input type=\"hidden\" name=\"_wpcf7_posted_data_hash\" value=\"\" \/>\n<\/div>\n<div class=\"grid2column-progression\">\n\t<p><label><span class=\"wpcf7-form-control-wrap\" data-name=\"your-name\"><input size=\"40\" maxlength=\"400\" class=\"wpcf7-form-control wpcf7-text wpcf7-validates-as-required\" aria-required=\"true\" aria-invalid=\"false\" placeholder=\"Seu Nome\" value=\"\" type=\"text\" name=\"your-name\" \/><\/span><\/label>\n\t<\/p>\n<\/div>\n<div class=\"grid2column-progression lastcolumn-progression\">\n\t<p><label><span class=\"wpcf7-form-control-wrap\" data-name=\"your-email\"><input size=\"40\" maxlength=\"400\" class=\"wpcf7-form-control wpcf7-email wpcf7-validates-as-required wpcf7-text wpcf7-validates-as-email\" aria-required=\"true\" aria-invalid=\"false\" placeholder=\"Seu E-mail\" value=\"\" type=\"email\" name=\"your-email\" \/><\/span><\/label>\n\t<\/p>\n<\/div>\n<div class=\"clearfix-pro\">\n<\/div>\n<div class=\"grid2column-progression\">\n\t<p><label><span class=\"wpcf7-form-control-wrap\" data-name=\"your-subject\"><input size=\"40\" maxlength=\"400\" class=\"wpcf7-form-control wpcf7-text\" aria-invalid=\"false\" placeholder=\"Assunto\" value=\"\" type=\"text\" name=\"your-subject\" \/><\/span><\/label>\n\t<\/p>\n<\/div>\n<div class=\"grid2column-progression lastcolumn-progression\">\n\t<p><label><span class=\"wpcf7-form-control-wrap\" data-name=\"your-phone\"><input size=\"40\" maxlength=\"400\" class=\"wpcf7-form-control wpcf7-text\" aria-invalid=\"false\" placeholder=\"Seu Telefone (Obrigat\u00f3rio)\" value=\"\" type=\"text\" name=\"your-phone\" \/><\/span><\/label>\n\t<\/p>\n<\/div>\n<div class=\"clearfix-pro\">\n<\/div>\n<p><label><span class=\"wpcf7-form-control-wrap\" data-name=\"your-message\"><textarea cols=\"40\" rows=\"10\" maxlength=\"2000\" class=\"wpcf7-form-control wpcf7-textarea\" aria-invalid=\"false\" placeholder=\"Sua Mensagem\" name=\"your-message\"><\/textarea><\/span><\/label>\n<\/p>\n<p><input class=\"wpcf7-form-control wpcf7-submit has-spinner\" type=\"submit\" value=\"Enviar Mensagem\" \/>\n<\/p><p style=\"display: none !important;\" class=\"akismet-fields-container\" data-prefix=\"_wpcf7_ak_\"><label>&#916;<textarea name=\"_wpcf7_ak_hp_textarea\" cols=\"45\" rows=\"8\" maxlength=\"100\"><\/textarea><\/label><input type=\"hidden\" id=\"ak_js_1\" name=\"_wpcf7_ak_js\" value=\"201\"\/><script>document.getElementById( \"ak_js_1\" ).setAttribute( \"value\", ( new Date() ).getTime() );<\/script><\/p><div class=\"wpcf7-response-output\" aria-hidden=\"true\"><\/div>\n<\/form>\n<\/div>\n\t\t<\/div><!-- close .boosted-elements-progression-contact-form-container -->\n\t\t\n\t\t\t<\/div>\n\t\t\t\t<\/div>\n\t\t\t\t\t<\/div>\n\t\t<\/div>\n\t\t\t\t\t<\/div>\n\t\t<\/section>\n\t\t\t\t<\/div>\n\t\t","protected":false},"excerpt":{"rendered":"<p>Seja Mr. Cheff Gastronomia INVISTA NA SUA INDEPEND\u00caNCIA A hist\u00f3ria do fundador da Mr. Cheff Gastronomia inspira muitas outras pessoas a empreender e mudar de carreira e de estilo de vida. Para transformar esse sonho em realidade a empresa se estruturou e hoje possui uma equipe apta a habilitar e implementar unidades franqueadas, com base [&hellip;]<\/p>\n","protected":false},"author":4,"featured_media":0,"parent":0,"menu_order":0,"comment_status":"closed","ping_status":"closed","template":"","meta":{"footnotes":""},"class_list":["post-429","page","type-page","status-publish","hentry"],"_links":{"self":[{"href":"https:\/\/mrcheffgastronomia.com.br\/index.php?rest_route=\/wp\/v2\/pages\/429","targetHints":{"allow":["GET"]}}],"collection":[{"href":"https:\/\/mrcheffgastronomia.com.br\/index.php?rest_route=\/wp\/v2\/pages"}],"about":[{"href":"https:\/\/mrcheffgastronomia.com.br\/index.php?rest_route=\/wp\/v2\/types\/page"}],"author":[{"embeddable":true,"href":"https:\/\/mrcheffgastronomia.com.br\/index.php?rest_route=\/wp\/v2\/users\/4"}],"replies":[{"embeddable":true,"href":"https:\/\/mrcheffgastronomia.com.br\/index.php?rest_route=%2Fwp%2Fv2%2Fcomments&post=429"}],"version-history":[{"count":10,"href":"https:\/\/mrcheffgastronomia.com.br\/index.php?rest_route=\/wp\/v2\/pages\/429\/revisions"}],"predecessor-version":[{"id":694,"href":"https:\/\/mrcheffgastronomia.com.br\/index.php?rest_route=\/wp\/v2\/pages\/429\/revisions\/694"}],"wp:attachment":[{"href":"https:\/\/mrcheffgastronomia.com.br\/index.php?rest_route=%2Fwp%2Fv2%2Fmedia&parent=429"}],"curies":[{"name":"wp","href":"https:\/\/api.w.org\/{rel}","templated":true}]}}