{"id":13,"date":"2020-04-26T22:01:58","date_gmt":"2020-04-27T01:01:58","guid":{"rendered":"https:\/\/ristoly-theme.progressionstudios.com\/?page_id=13"},"modified":"2020-12-30T19:56:42","modified_gmt":"2020-12-30T22:56:42","slug":"cardapio","status":"publish","type":"page","link":"https:\/\/mrcheffgastronomia.com.br\/?page_id=13","title":{"rendered":"Card\u00e1pio"},"content":{"rendered":"\t\t<div data-elementor-type=\"wp-page\" data-elementor-id=\"13\" class=\"elementor elementor-13\">\n\t\t\t\t\t\t<section class=\"elementor-section elementor-top-section elementor-element elementor-element-2caa1a5e elementor-section-boxed elementor-section-height-default elementor-section-height-default\" data-id=\"2caa1a5e\" data-element_type=\"section\">\n\t\t\t\t\t\t<div class=\"elementor-container elementor-column-gap-default\">\n\t\t\t\t\t<div class=\"elementor-column elementor-col-100 elementor-top-column elementor-element elementor-element-3e4af091\" data-id=\"3e4af091\" data-element_type=\"column\">\n\t\t\t<div class=\"elementor-widget-wrap elementor-element-populated\">\n\t\t\t\t\t\t<div class=\"elementor-element elementor-element-542a7102 elementor-widget elementor-widget-heading\" data-id=\"542a7102\" data-element_type=\"widget\" data-widget_type=\"heading.default\">\n\t\t\t\t<div class=\"elementor-widget-container\">\n\t\t\t<h4 class=\"elementor-heading-title elementor-size-default\">Produtos<\/h4>\t\t<\/div>\n\t\t\t\t<\/div>\n\t\t\t\t<div class=\"elementor-element elementor-element-6d215101 elementor-widget elementor-widget-heading\" data-id=\"6d215101\" data-element_type=\"widget\" data-widget_type=\"heading.default\">\n\t\t\t\t<div class=\"elementor-widget-container\">\n\t\t\t<h2 class=\"elementor-heading-title elementor-size-default\">NOSSO CARD\u00c1PIO<\/h2>\t\t<\/div>\n\t\t\t\t<\/div>\n\t\t\t\t\t<\/div>\n\t\t<\/div>\n\t\t\t\t\t<\/div>\n\t\t<\/section>\n\t\t\t\t<section class=\"elementor-section elementor-top-section elementor-element elementor-element-78346651 elementor-section-boxed elementor-section-height-default elementor-section-height-default\" data-id=\"78346651\" data-element_type=\"section\">\n\t\t\t\t\t\t<div class=\"elementor-container elementor-column-gap-default\">\n\t\t\t\t\t<div class=\"elementor-column elementor-col-33 elementor-top-column elementor-element elementor-element-11cb31ea\" data-id=\"11cb31ea\" data-element_type=\"column\">\n\t\t\t<div class=\"elementor-widget-wrap elementor-element-populated\">\n\t\t\t\t\t\t<div class=\"elementor-element elementor-element-15a65952 elementor-widget elementor-widget-text-editor\" data-id=\"15a65952\" data-element_type=\"widget\" data-widget_type=\"text-editor.default\">\n\t\t\t\t<div class=\"elementor-widget-container\">\n\t\t\t\t\t\t\t<p style=\"margin-bottom: 0cm; text-align: center; line-height: normal;\"><span style=\"font-weight: bold;\">Por\u00e7\u00f5es e Cones<\/span><\/p>\t\t\t\t\t\t<\/div>\n\t\t\t\t<\/div>\n\t\t\t\t<section class=\"elementor-section elementor-inner-section elementor-element elementor-element-597169ab elementor-section-boxed elementor-section-height-default elementor-section-height-default\" data-id=\"597169ab\" data-element_type=\"section\">\n\t\t\t\t\t\t<div class=\"elementor-container elementor-column-gap-default\">\n\t\t\t\t\t<div class=\"elementor-column elementor-col-50 elementor-inner-column elementor-element elementor-element-25f871da\" data-id=\"25f871da\" data-element_type=\"column\">\n\t\t\t<div class=\"elementor-widget-wrap elementor-element-populated\">\n\t\t\t\t\t\t<div class=\"elementor-element elementor-element-563d6f1d elementor-widget elementor-widget-image\" data-id=\"563d6f1d\" data-element_type=\"widget\" data-widget_type=\"image.default\">\n\t\t\t\t<div class=\"elementor-widget-container\">\n\t\t\t\t\t\t\t\t\t\t\t\t\t<img fetchpriority=\"high\" decoding=\"async\" width=\"400\" height=\"400\" src=\"https:\/\/mrcheffgastronomia.com.br\/wp-content\/uploads\/2020\/10\/Imagem-5.jpg\" class=\"attachment-large size-large wp-image-467\" alt=\"\" srcset=\"https:\/\/mrcheffgastronomia.com.br\/wp-content\/uploads\/2020\/10\/Imagem-5.jpg 400w, https:\/\/mrcheffgastronomia.com.br\/wp-content\/uploads\/2020\/10\/Imagem-5-300x300.jpg 300w, https:\/\/mrcheffgastronomia.com.br\/wp-content\/uploads\/2020\/10\/Imagem-5-150x150.jpg 150w, https:\/\/mrcheffgastronomia.com.br\/wp-content\/uploads\/2020\/10\/Imagem-5-100x100.jpg 100w\" sizes=\"(max-width: 400px) 100vw, 400px\" \/>\t\t\t\t\t\t\t\t\t\t\t\t\t<\/div>\n\t\t\t\t<\/div>\n\t\t\t\t\t<\/div>\n\t\t<\/div>\n\t\t\t\t<div class=\"elementor-column elementor-col-50 elementor-inner-column elementor-element elementor-element-7d8bdb9d\" data-id=\"7d8bdb9d\" data-element_type=\"column\">\n\t\t\t<div class=\"elementor-widget-wrap elementor-element-populated\">\n\t\t\t\t\t\t<div class=\"elementor-element elementor-element-1af417dc elementor-widget elementor-widget-text-editor\" data-id=\"1af417dc\" data-element_type=\"widget\" data-widget_type=\"text-editor.default\">\n\t\t\t\t<div class=\"elementor-widget-container\">\n\t\t\t\t\t\t\t<p>Para todos os gostos, na medida certa e com pre\u00e7os justos para todos os p\u00fablicos.<\/p>\t\t\t\t\t\t<\/div>\n\t\t\t\t<\/div>\n\t\t\t\t\t<\/div>\n\t\t<\/div>\n\t\t\t\t\t<\/div>\n\t\t<\/section>\n\t\t\t\t\t<\/div>\n\t\t<\/div>\n\t\t\t\t<div class=\"elementor-column elementor-col-33 elementor-top-column elementor-element elementor-element-4106a310\" data-id=\"4106a310\" data-element_type=\"column\">\n\t\t\t<div class=\"elementor-widget-wrap elementor-element-populated\">\n\t\t\t\t\t\t<div class=\"elementor-element elementor-element-6f42e7ec elementor-widget elementor-widget-text-editor\" data-id=\"6f42e7ec\" data-element_type=\"widget\" data-widget_type=\"text-editor.default\">\n\t\t\t\t<div class=\"elementor-widget-container\">\n\t\t\t\t\t\t\t<p style=\"margin-bottom: 0cm; text-align: center; line-height: normal;\"><span style=\"font-weight: bold;\">Pratos Executivos<\/span><\/p>\t\t\t\t\t\t<\/div>\n\t\t\t\t<\/div>\n\t\t\t\t<section class=\"elementor-section elementor-inner-section elementor-element elementor-element-7fdcbf38 elementor-section-boxed elementor-section-height-default elementor-section-height-default\" data-id=\"7fdcbf38\" data-element_type=\"section\">\n\t\t\t\t\t\t<div class=\"elementor-container elementor-column-gap-default\">\n\t\t\t\t\t<div class=\"elementor-column elementor-col-50 elementor-inner-column elementor-element elementor-element-23a61bc8\" data-id=\"23a61bc8\" data-element_type=\"column\">\n\t\t\t<div class=\"elementor-widget-wrap elementor-element-populated\">\n\t\t\t\t\t\t<div class=\"elementor-element elementor-element-48078253 elementor-widget elementor-widget-image\" data-id=\"48078253\" data-element_type=\"widget\" data-widget_type=\"image.default\">\n\t\t\t\t<div class=\"elementor-widget-container\">\n\t\t\t\t\t\t\t\t\t\t\t\t\t<img decoding=\"async\" width=\"400\" height=\"400\" src=\"https:\/\/mrcheffgastronomia.com.br\/wp-content\/uploads\/2020\/10\/Imagem-6.jpg\" class=\"attachment-large size-large wp-image-468\" alt=\"\" srcset=\"https:\/\/mrcheffgastronomia.com.br\/wp-content\/uploads\/2020\/10\/Imagem-6.jpg 400w, https:\/\/mrcheffgastronomia.com.br\/wp-content\/uploads\/2020\/10\/Imagem-6-300x300.jpg 300w, https:\/\/mrcheffgastronomia.com.br\/wp-content\/uploads\/2020\/10\/Imagem-6-150x150.jpg 150w, https:\/\/mrcheffgastronomia.com.br\/wp-content\/uploads\/2020\/10\/Imagem-6-100x100.jpg 100w\" sizes=\"(max-width: 400px) 100vw, 400px\" \/>\t\t\t\t\t\t\t\t\t\t\t\t\t<\/div>\n\t\t\t\t<\/div>\n\t\t\t\t\t<\/div>\n\t\t<\/div>\n\t\t\t\t<div class=\"elementor-column elementor-col-50 elementor-inner-column elementor-element elementor-element-268bd4aa\" data-id=\"268bd4aa\" data-element_type=\"column\">\n\t\t\t<div class=\"elementor-widget-wrap elementor-element-populated\">\n\t\t\t\t\t\t<div class=\"elementor-element elementor-element-1f816b97 elementor-widget elementor-widget-text-editor\" data-id=\"1f816b97\" data-element_type=\"widget\" data-widget_type=\"text-editor.default\">\n\t\t\t\t<div class=\"elementor-widget-container\">\n\t\t\t\t\t\t\t<p>Ingredientes de qualidade, tempero caseiro, propor\u00e7\u00f5es adequadas e uma variedade de op\u00e7\u00f5es de pratos para o dia a dia que garantem a saciedade.<\/p>\t\t\t\t\t\t<\/div>\n\t\t\t\t<\/div>\n\t\t\t\t\t<\/div>\n\t\t<\/div>\n\t\t\t\t\t<\/div>\n\t\t<\/section>\n\t\t\t\t\t<\/div>\n\t\t<\/div>\n\t\t\t\t<div class=\"elementor-column elementor-col-33 elementor-top-column elementor-element elementor-element-50770e9\" data-id=\"50770e9\" data-element_type=\"column\">\n\t\t\t<div class=\"elementor-widget-wrap elementor-element-populated\">\n\t\t\t\t\t\t<div class=\"elementor-element elementor-element-34c1a5ec elementor-widget elementor-widget-text-editor\" data-id=\"34c1a5ec\" data-element_type=\"widget\" data-widget_type=\"text-editor.default\">\n\t\t\t\t<div class=\"elementor-widget-container\">\n\t\t\t\t\t\t\t<p style=\"margin-bottom: 0cm; text-align: center; line-height: normal;\"><span style=\"font-weight: bold;\">Gratinados<\/span><\/p>\t\t\t\t\t\t<\/div>\n\t\t\t\t<\/div>\n\t\t\t\t<section class=\"elementor-section elementor-inner-section elementor-element elementor-element-2e2c33fe elementor-section-boxed elementor-section-height-default elementor-section-height-default\" data-id=\"2e2c33fe\" data-element_type=\"section\">\n\t\t\t\t\t\t<div class=\"elementor-container elementor-column-gap-default\">\n\t\t\t\t\t<div class=\"elementor-column elementor-col-50 elementor-inner-column elementor-element elementor-element-2985847a\" data-id=\"2985847a\" data-element_type=\"column\">\n\t\t\t<div class=\"elementor-widget-wrap elementor-element-populated\">\n\t\t\t\t\t\t<div class=\"elementor-element elementor-element-bbdff9 elementor-widget elementor-widget-image\" data-id=\"bbdff9\" data-element_type=\"widget\" data-widget_type=\"image.default\">\n\t\t\t\t<div class=\"elementor-widget-container\">\n\t\t\t\t\t\t\t\t\t\t\t\t\t<img decoding=\"async\" width=\"400\" height=\"400\" src=\"https:\/\/mrcheffgastronomia.com.br\/wp-content\/uploads\/2020\/10\/Imagem-7.jpg\" class=\"attachment-large size-large wp-image-469\" alt=\"\" srcset=\"https:\/\/mrcheffgastronomia.com.br\/wp-content\/uploads\/2020\/10\/Imagem-7.jpg 400w, https:\/\/mrcheffgastronomia.com.br\/wp-content\/uploads\/2020\/10\/Imagem-7-300x300.jpg 300w, https:\/\/mrcheffgastronomia.com.br\/wp-content\/uploads\/2020\/10\/Imagem-7-150x150.jpg 150w, https:\/\/mrcheffgastronomia.com.br\/wp-content\/uploads\/2020\/10\/Imagem-7-100x100.jpg 100w\" sizes=\"(max-width: 400px) 100vw, 400px\" \/>\t\t\t\t\t\t\t\t\t\t\t\t\t<\/div>\n\t\t\t\t<\/div>\n\t\t\t\t\t<\/div>\n\t\t<\/div>\n\t\t\t\t<div class=\"elementor-column elementor-col-50 elementor-inner-column elementor-element elementor-element-2b8bfc06\" data-id=\"2b8bfc06\" data-element_type=\"column\">\n\t\t\t<div class=\"elementor-widget-wrap elementor-element-populated\">\n\t\t\t\t\t\t<div class=\"elementor-element elementor-element-60dbf0e3 elementor-widget elementor-widget-text-editor\" data-id=\"60dbf0e3\" data-element_type=\"widget\" data-widget_type=\"text-editor.default\">\n\t\t\t\t<div class=\"elementor-widget-container\">\n\t\t\t\t\t\t\t<p>Cl\u00e1ssicos, tradicionais e t\u00edpicos, prontos para atender gostos e paladares mais sofisticados e que desejam variar a alimenta\u00e7\u00e3o.<\/p>\t\t\t\t\t\t<\/div>\n\t\t\t\t<\/div>\n\t\t\t\t\t<\/div>\n\t\t<\/div>\n\t\t\t\t\t<\/div>\n\t\t<\/section>\n\t\t\t\t\t<\/div>\n\t\t<\/div>\n\t\t\t\t\t<\/div>\n\t\t<\/section>\n\t\t\t\t<section class=\"elementor-section elementor-top-section elementor-element elementor-element-6e24e462 elementor-section-boxed elementor-section-height-default elementor-section-height-default\" data-id=\"6e24e462\" data-element_type=\"section\">\n\t\t\t\t\t\t<div class=\"elementor-container elementor-column-gap-default\">\n\t\t\t\t\t<div class=\"elementor-column elementor-col-100 elementor-top-column elementor-element elementor-element-96e1d26\" data-id=\"96e1d26\" data-element_type=\"column\">\n\t\t\t<div class=\"elementor-widget-wrap elementor-element-populated\">\n\t\t\t\t\t\t<div class=\"elementor-element elementor-element-6a14ae8a elementor-widget elementor-widget-text-editor\" data-id=\"6a14ae8a\" data-element_type=\"widget\" data-widget_type=\"text-editor.default\">\n\t\t\t\t<div class=\"elementor-widget-container\">\n\t\t\t\t\t\t\t<h5 style=\"margin-bottom: 0cm; line-height: normal; text-align: center;\"><a href=\"http:\/\/mrcheffgastronomia.com.br\/?page_id=9\" target=\"_blank\" rel=\"noopener\">Escolha uma loja e pe\u00e7a o card\u00e1pio<\/a><\/h5><div>\u00a0<\/div>\t\t\t\t\t\t<\/div>\n\t\t\t\t<\/div>\n\t\t\t\t\t<\/div>\n\t\t<\/div>\n\t\t\t\t\t<\/div>\n\t\t<\/section>\n\t\t\t\t<\/div>\n\t\t","protected":false},"excerpt":{"rendered":"<p>Produtos NOSSO CARD\u00c1PIO Por\u00e7\u00f5es e Cones Para todos os gostos, na medida certa e com pre\u00e7os justos para todos os p\u00fablicos. Pratos Executivos Ingredientes de qualidade, tempero caseiro, propor\u00e7\u00f5es adequadas e uma variedade de op\u00e7\u00f5es de pratos para o dia a dia que garantem a saciedade. Gratinados Cl\u00e1ssicos, tradicionais e t\u00edpicos, prontos para atender gostos [&hellip;]<\/p>\n","protected":false},"author":4,"featured_media":0,"parent":0,"menu_order":0,"comment_status":"closed","ping_status":"closed","template":"","meta":{"footnotes":""},"class_list":["post-13","page","type-page","status-publish","hentry"],"_links":{"self":[{"href":"https:\/\/mrcheffgastronomia.com.br\/index.php?rest_route=\/wp\/v2\/pages\/13","targetHints":{"allow":["GET"]}}],"collection":[{"href":"https:\/\/mrcheffgastronomia.com.br\/index.php?rest_route=\/wp\/v2\/pages"}],"about":[{"href":"https:\/\/mrcheffgastronomia.com.br\/index.php?rest_route=\/wp\/v2\/types\/page"}],"author":[{"embeddable":true,"href":"https:\/\/mrcheffgastronomia.com.br\/index.php?rest_route=\/wp\/v2\/users\/4"}],"replies":[{"embeddable":true,"href":"https:\/\/mrcheffgastronomia.com.br\/index.php?rest_route=%2Fwp%2Fv2%2Fcomments&post=13"}],"version-history":[{"count":9,"href":"https:\/\/mrcheffgastronomia.com.br\/index.php?rest_route=\/wp\/v2\/pages\/13\/revisions"}],"predecessor-version":[{"id":581,"href":"https:\/\/mrcheffgastronomia.com.br\/index.php?rest_route=\/wp\/v2\/pages\/13\/revisions\/581"}],"wp:attachment":[{"href":"https:\/\/mrcheffgastronomia.com.br\/index.php?rest_route=%2Fwp%2Fv2%2Fmedia&parent=13"}],"curies":[{"name":"wp","href":"https:\/\/api.w.org\/{rel}","templated":true}]}}